{"id":165,"date":"2018-02-09T11:30:37","date_gmt":"2018-02-09T10:30:37","guid":{"rendered":"http:\/\/gesr.fr\/?page_id=165"},"modified":"2026-03-11T13:23:36","modified_gmt":"2026-03-11T12:23:36","slug":"recrutement-monteurs-electricien-dans-les-postes-de-transformation-electrique-haute-tension","status":"publish","type":"page","link":"https:\/\/gesr.fr\/index.php\/recrutement-monteurs-electricien-dans-les-postes-de-transformation-electrique-haute-tension\/","title":{"rendered":"Recrutement Monteur Electricien Postes Haute Tension. Secteur  Ile de France et France enti\u00e8re"},"content":{"rendered":"<p>Nous recrutons des monteurs Electricien pour les\u00a0 Postes Haute Tension H\/F :<\/p>\n<p><img loading=\"lazy\" decoding=\"async\" class=\"aligncenter size-medium wp-image-169\" src=\"http:\/\/gesr.fr\/wp-content\/uploads\/2018\/02\/IMG_1930-e1518171924407-225x300.jpg\" alt=\"\" width=\"225\" height=\"300\" srcset=\"https:\/\/gesr.fr\/wp-content\/uploads\/2018\/02\/IMG_1930-e1518171924407-225x300.jpg 225w, https:\/\/gesr.fr\/wp-content\/uploads\/2018\/02\/IMG_1930-e1518171924407-768x1024.jpg 768w\" sizes=\"auto, (max-width: 225px) 100vw, 225px\" \/><br \/>\n<img loading=\"lazy\" decoding=\"async\" class=\"aligncenter size-medium wp-image-170\" style=\"background-color: transparent; border-image-outset: 0; border-image-repeat: stretch; border-image-slice: 100%; border-image-source: none; border-image-width: 1; clear: both; color: #333333; display: block; font-family: &amp;quot; noto serif&amp;quot;,serif; font-size: 17px; font-style: normal; font-variant: normal; font-weight: 400; height: 225px; letter-spacing: normal; max-width: 660px; orphans: 2; outline-color: #72777c; outline-style: solid; outline-width: 1px; text-align: left; text-decoration: none; text-indent: 0px; text-transform: none; vertical-align: middle; -webkit-text-stroke-width: 0px; white-space: normal; word-spacing: 0px; margin: 7px 180px 7px 180px; border: 0px none #333333;\" src=\"http:\/\/gesr.fr\/wp-content\/uploads\/2018\/02\/IMG_1935-300x225.jpg\" alt=\"\" width=\"300\" height=\"225\" srcset=\"https:\/\/gesr.fr\/wp-content\/uploads\/2018\/02\/IMG_1935-300x225.jpg 300w, https:\/\/gesr.fr\/wp-content\/uploads\/2018\/02\/IMG_1935-768x576.jpg 768w, https:\/\/gesr.fr\/wp-content\/uploads\/2018\/02\/IMG_1935-1024x768.jpg 1024w\" sizes=\"auto, (max-width: 300px) 100vw, 300px\" \/><\/p>\n<p><span style=\"display: inline !important; float: none; background-color: transparent; color: #333333; cursor: text; font-family: 'Noto Serif',serif; font-size: 17px; font-style: normal; font-variant: normal; font-weight: 400; letter-spacing: normal; line-height: 28px; orphans: 2; text-align: left; text-decoration: none; text-indent: 0px; text-transform: none; -webkit-text-stroke-width: 0px; white-space: normal; word-spacing: 0px;\">Vous effectuez les op\u00e9rations de montage et maintenance des charpentes m\u00e9talliques, mise en \u0152uvre des appareillages HT, connexions HT et circuits de terre.<\/span><\/p>\n<p>Vous participerez \u00e0 la construction de postes HTB et \u00e0 la mise en place et au raccordement du contr\u00f4le commande.<\/p>\n<p>Vous effectuez les op\u00e9rations de montage et maintenance d&rsquo;armoire \u00e9lectrique : Montage, c\u00e2blage, appareillage.<\/p>\n<p><strong>Formation :<\/strong><\/p>\n<p>De formation\u00a0 BAC PRO BEP Electrotechnique ou Equivalent ou exp\u00e9rience \u00e9quivalente.<\/p>\n<p>CACES Nacelles, chariot \u00e9l\u00e9vateur<br \/>\nHabilitation UTE C18510<\/p>\n<p><b>Une formation sp\u00e9cifique sera mise en \u0153uvre pour votre int\u00e9gration<\/b><\/p>\n<p><strong>Aptitudes requises:<\/strong><\/p>\n<p>Travail en \u00e9quipe et en ext\u00e9rieur, bonne aisance manuelle, respect strict des r\u00e8gles de s\u00e9curit\u00e9<br \/>\nVous \u00eates une personne rigoureuse, minutieuse et souhaitant travailler en Grands D\u00e9placements (IGD).<br \/>\nPermis et mobilit\u00e9 sont imp\u00e9ratifs<\/p>\n<p><b>Exp\u00e9rience :<\/b><\/p>\n<p>Vous avez une premi\u00e8re exp\u00e9rience dans le domaine de la HT\/BT, contr\u00f4le commande et du grand d\u00e9placement.<\/p>\n<p><strong>Conditions :<\/strong><\/p>\n<p>Indemnit\u00e9s de grands d\u00e9placements<br \/>\nFrais kilom\u00e9triques<\/p>\n<p>Poste:\u00a0 Ile de France &#8211; France enti\u00e8re<\/p>\n<p>recrut@gesr.fr<\/p>\n<p><img loading=\"lazy\" decoding=\"async\" class=\"aligncenter size-medium wp-image-169\" src=\"http:\/\/gesr.fr\/wp-content\/uploads\/2018\/02\/IMG_1930-e1518171924407-225x300.jpg\" alt=\"\" width=\"225\" height=\"300\" srcset=\"https:\/\/gesr.fr\/wp-content\/uploads\/2018\/02\/IMG_1930-e1518171924407-225x300.jpg 225w, https:\/\/gesr.fr\/wp-content\/uploads\/2018\/02\/IMG_1930-e1518171924407-768x1024.jpg 768w\" sizes=\"auto, (max-width: 225px) 100vw, 225px\" \/><img loading=\"lazy\" decoding=\"async\" class=\"aligncenter size-medium wp-image-168\" src=\"http:\/\/gesr.fr\/wp-content\/uploads\/2018\/02\/IMG_1919-e1518171862877-225x300.jpg\" alt=\"\" width=\"225\" height=\"300\" srcset=\"https:\/\/gesr.fr\/wp-content\/uploads\/2018\/02\/IMG_1919-e1518171862877-225x300.jpg 225w, https:\/\/gesr.fr\/wp-content\/uploads\/2018\/02\/IMG_1919-e1518171862877-768x1024.jpg 768w\" sizes=\"auto, (max-width: 225px) 100vw, 225px\" \/><img loading=\"lazy\" decoding=\"async\" class=\"aligncenter size-medium wp-image-167\" src=\"http:\/\/gesr.fr\/wp-content\/uploads\/2018\/02\/IMG_1915-e1518171885833-225x300.jpg\" alt=\"\" width=\"225\" height=\"300\" srcset=\"https:\/\/gesr.fr\/wp-content\/uploads\/2018\/02\/IMG_1915-e1518171885833-225x300.jpg 225w, https:\/\/gesr.fr\/wp-content\/uploads\/2018\/02\/IMG_1915-e1518171885833-768x1024.jpg 768w\" sizes=\"auto, (max-width: 225px) 100vw, 225px\" \/><\/p>\n","protected":false},"excerpt":{"rendered":"<p>Nous recrutons des monteurs Electricien pour les\u00a0 Postes Haute Tension H\/F : Vous effectuez les op\u00e9rations de montage et maintenance des charpentes m\u00e9talliques, mise en \u0152uvre des appareillages HT, connexions HT et circuits de terre. Vous participerez \u00e0 la construction de postes HTB et \u00e0 la mise en place et au raccordement du contr\u00f4le commande. &hellip; <a href=\"https:\/\/gesr.fr\/index.php\/recrutement-monteurs-electricien-dans-les-postes-de-transformation-electrique-haute-tension\/\" class=\"more-link\">Continuer la lecture de <span class=\"screen-reader-text\">Recrutement Monteur Electricien Postes Haute Tension. Secteur  Ile de France et France enti\u00e8re<\/span><\/a><\/p>\n","protected":false},"author":1,"featured_media":0,"parent":0,"menu_order":0,"comment_status":"closed","ping_status":"closed","template":"","meta":{"footnotes":""},"class_list":["post-165","page","type-page","status-publish","hentry"],"_links":{"self":[{"href":"https:\/\/gesr.fr\/index.php\/wp-json\/wp\/v2\/pages\/165","targetHints":{"allow":["GET"]}}],"collection":[{"href":"https:\/\/gesr.fr\/index.php\/wp-json\/wp\/v2\/pages"}],"about":[{"href":"https:\/\/gesr.fr\/index.php\/wp-json\/wp\/v2\/types\/page"}],"author":[{"embeddable":true,"href":"https:\/\/gesr.fr\/index.php\/wp-json\/wp\/v2\/users\/1"}],"replies":[{"embeddable":true,"href":"https:\/\/gesr.fr\/index.php\/wp-json\/wp\/v2\/comments?post=165"}],"version-history":[{"count":19,"href":"https:\/\/gesr.fr\/index.php\/wp-json\/wp\/v2\/pages\/165\/revisions"}],"predecessor-version":[{"id":416,"href":"https:\/\/gesr.fr\/index.php\/wp-json\/wp\/v2\/pages\/165\/revisions\/416"}],"wp:attachment":[{"href":"https:\/\/gesr.fr\/index.php\/wp-json\/wp\/v2\/media?parent=165"}],"curies":[{"name":"wp","href":"https:\/\/api.w.org\/{rel}","templated":true}]}}