{"id":354,"date":"2022-05-17T14:28:37","date_gmt":"2022-05-17T12:28:37","guid":{"rendered":"http:\/\/gesr.fr\/?page_id=354"},"modified":"2026-03-11T13:29:08","modified_gmt":"2026-03-11T12:29:08","slug":"formation","status":"publish","type":"page","link":"https:\/\/gesr.fr\/index.php\/formation\/","title":{"rendered":"Formations :"},"content":{"rendered":"\n<figure class=\"wp-block-image size-large\"><img loading=\"lazy\" decoding=\"async\" width=\"1024\" height=\"297\" src=\"http:\/\/gesr.fr\/wp-content\/uploads\/2022\/05\/electron-formation-logo-xl-1-1024x297.png\" alt=\"\" class=\"wp-image-372\" srcset=\"https:\/\/gesr.fr\/wp-content\/uploads\/2022\/05\/electron-formation-logo-xl-1-1024x297.png 1024w, https:\/\/gesr.fr\/wp-content\/uploads\/2022\/05\/electron-formation-logo-xl-1-300x87.png 300w, https:\/\/gesr.fr\/wp-content\/uploads\/2022\/05\/electron-formation-logo-xl-1-768x223.png 768w, https:\/\/gesr.fr\/wp-content\/uploads\/2022\/05\/electron-formation-logo-xl-1-1536x445.png 1536w, https:\/\/gesr.fr\/wp-content\/uploads\/2022\/05\/electron-formation-logo-xl-1-2048x594.png 2048w\" sizes=\"auto, (max-width: 1024px) 100vw, 1024px\" \/><\/figure>\n\n\n\n<ul class=\"wp-block-list\">\n<li>Ligne A\u00e9rienne Haute Tension (Formations Obligatoires) :\n<ul class=\"wp-block-list\">\n<li>Travaux en Hauteur Initial et recyclage : Port du Harnais, Ligne de vie<\/li>\n\n\n\n<li>Risques Electriques Initial et recyclage<\/li>\n\n\n\n<li>Pass HTB Op\u00e9rateur et Encadrant<\/li>\n\n\n\n<li>Pr\u00e9paration aux test ELIA<\/li>\n<\/ul>\n<\/li>\n<\/ul>\n\n\n\n<ul class=\"wp-block-list\">\n<li>Lignes A\u00e9rienne Haute Tension (Formation M\u00e9tier) :\n<ul class=\"wp-block-list\">\n<li>Lecture de plan et Assemblage<\/li>\n\n\n\n<li>Elingage, Levage<\/li>\n\n\n\n<li>D\u00e9roulage<\/li>\n\n\n\n<li>R\u00e9glage Ancrage des conducteurs<\/li>\n\n\n\n<li>Expertise, V\u00e9tust\u00e9<\/li>\n\n\n\n<li>Conduite d&rsquo;engins<\/li>\n<\/ul>\n<\/li>\n<\/ul>\n\n\n\n<ul class=\"wp-block-list\">\n<li>R\u00e9seaux :\n<ul class=\"wp-block-list\">\n<li>AIPR : Op\u00e9rateur, Encadrant, Concepteur<\/li>\n<\/ul>\n<\/li>\n<\/ul>\n\n\n\n<ul class=\"wp-block-list\">\n<li>M\u00e9canique :\n<ul class=\"wp-block-list\">\n<li>Habilitation M\u00e9canique<\/li>\n<\/ul>\n<\/li>\n<\/ul>\n\n\n\n<ul class=\"wp-block-list\">\n<li>G\u00e9nie Civil :\n<ul class=\"wp-block-list\">\n<li>Lecture de plan<\/li>\n\n\n\n<li>Implantation<\/li>\n\n\n\n<li>Ouverture de Fouille<\/li>\n\n\n\n<li>Blindage, Coffrage<\/li>\n\n\n\n<li>Ferraillage<\/li>\n\n\n\n<li>R\u00e9glage embases, Crosses<\/li>\n\n\n\n<li>Coulage B\u00e9ton<\/li>\n<\/ul>\n<\/li>\n<\/ul>\n\n\n\n<ul class=\"wp-block-list\">\n<li>Sauveteur Secouriste Travail et Pr\u00e9vention des Risques li\u00e9s \u00e0 l&rsquo;Activit\u00e9 Physique (PRAP)<\/li>\n<\/ul>\n\n\n\n<figure class=\"wp-block-image size-full is-resized\"><img loading=\"lazy\" decoding=\"async\" src=\"http:\/\/gesr.fr\/wp-content\/uploads\/2022\/05\/qualiopi.png\" alt=\"\" class=\"wp-image-370\" width=\"275\" height=\"183\"\/><\/figure>\n\n\n\n<p>La certification qualit\u00e9 a \u00e9t\u00e9 d\u00e9livr\u00e9e au titre de la cat\u00e9gorie d\u2019actions suivante : <strong>Actions de formation<\/strong><\/p>\n\n\n\n<figure class=\"wp-block-image size-large\"><img loading=\"lazy\" decoding=\"async\" width=\"1024\" height=\"297\" src=\"http:\/\/gesr.fr\/wp-content\/uploads\/2022\/05\/electron-formation-logo-xl-1024x297.png\" alt=\"\" class=\"wp-image-371\" srcset=\"https:\/\/gesr.fr\/wp-content\/uploads\/2022\/05\/electron-formation-logo-xl-1024x297.png 1024w, https:\/\/gesr.fr\/wp-content\/uploads\/2022\/05\/electron-formation-logo-xl-300x87.png 300w, https:\/\/gesr.fr\/wp-content\/uploads\/2022\/05\/electron-formation-logo-xl-768x223.png 768w, https:\/\/gesr.fr\/wp-content\/uploads\/2022\/05\/electron-formation-logo-xl-1536x445.png 1536w, https:\/\/gesr.fr\/wp-content\/uploads\/2022\/05\/electron-formation-logo-xl-2048x594.png 2048w\" sizes=\"auto, (max-width: 1024px) 100vw, 1024px\" \/><\/figure>\n","protected":false},"excerpt":{"rendered":"<p>La certification qualit\u00e9 a \u00e9t\u00e9 d\u00e9livr\u00e9e au titre de la cat\u00e9gorie d\u2019actions suivante : Actions de formation<\/p>\n","protected":false},"author":1,"featured_media":0,"parent":0,"menu_order":0,"comment_status":"closed","ping_status":"closed","template":"","meta":{"footnotes":""},"class_list":["post-354","page","type-page","status-publish","hentry"],"_links":{"self":[{"href":"https:\/\/gesr.fr\/index.php\/wp-json\/wp\/v2\/pages\/354","targetHints":{"allow":["GET"]}}],"collection":[{"href":"https:\/\/gesr.fr\/index.php\/wp-json\/wp\/v2\/pages"}],"about":[{"href":"https:\/\/gesr.fr\/index.php\/wp-json\/wp\/v2\/types\/page"}],"author":[{"embeddable":true,"href":"https:\/\/gesr.fr\/index.php\/wp-json\/wp\/v2\/users\/1"}],"replies":[{"embeddable":true,"href":"https:\/\/gesr.fr\/index.php\/wp-json\/wp\/v2\/comments?post=354"}],"version-history":[{"count":5,"href":"https:\/\/gesr.fr\/index.php\/wp-json\/wp\/v2\/pages\/354\/revisions"}],"predecessor-version":[{"id":418,"href":"https:\/\/gesr.fr\/index.php\/wp-json\/wp\/v2\/pages\/354\/revisions\/418"}],"wp:attachment":[{"href":"https:\/\/gesr.fr\/index.php\/wp-json\/wp\/v2\/media?parent=354"}],"curies":[{"name":"wp","href":"https:\/\/api.w.org\/{rel}","templated":true}]}}