{"id":48,"date":"2017-01-10T11:48:03","date_gmt":"2017-01-10T10:48:03","guid":{"rendered":"http:\/\/gesr.fr\/?page_id=48"},"modified":"2026-03-11T13:20:19","modified_gmt":"2026-03-11T12:20:19","slug":"recrutement-monteurs-lignes-aeriennes-haute-tension","status":"publish","type":"page","link":"https:\/\/gesr.fr\/index.php\/recrutement-monteurs-lignes-aeriennes-haute-tension\/","title":{"rendered":"Recrutement Monteurs Lignes A\u00e9riennes Haute Tension."},"content":{"rendered":"<p style=\"text-align: center;\"><strong>Recrutement pour nos prochaines sessions : En cours Mars 2026<\/strong><\/p>\n<p><img loading=\"lazy\" decoding=\"async\" class=\"aligncenter size-medium wp-image-342\" src=\"http:\/\/gesr.fr\/wp-content\/uploads\/2022\/05\/LA3-228x300.jpg\" alt=\"\" width=\"228\" height=\"300\" srcset=\"https:\/\/gesr.fr\/wp-content\/uploads\/2022\/05\/LA3-228x300.jpg 228w, https:\/\/gesr.fr\/wp-content\/uploads\/2022\/05\/LA3-779x1024.jpg 779w, https:\/\/gesr.fr\/wp-content\/uploads\/2022\/05\/LA3-768x1009.jpg 768w, https:\/\/gesr.fr\/wp-content\/uploads\/2022\/05\/LA3.jpg 974w\" sizes=\"auto, (max-width: 228px) 100vw, 228px\" \/><\/p>\n<p>\u00a0<\/p>\n<p>En int\u00e9grant le GESR Energies, Groupement d&rsquo;Entreprise sp\u00e9cialis\u00e9 dans le secteur de l&rsquo;Energie, sur ce poste de Monteur de lignes A\u00e9riennes Haute Tension HTB vous int\u00e9grez de fa\u00e7on durable notre m\u00e9tier.<\/p>\n<p><strong>Poste propos\u00e9<\/strong> <strong>:<\/strong><\/p>\n<p>Au sein d&rsquo;\u00e9quipes de 5 \u00e0 10 personnes vous intervenez sur toute la France sur les chantiers de lignes HTB<span style=\"display: inline !important; float: none; background-color: #ffffff; color: #191e23; font-family: 'Noto Serif'; font-size: inherit; font-style: normal; font-variant: normal; font-weight: 400; letter-spacing: normal; line-height: inherit; orphans: 2; text-align: left; text-decoration: none; text-indent: 0px; text-transform: none; -webkit-text-stroke-width: 0px; white-space: pre-wrap; word-spacing: 0px;\">.<\/span><br \/>Chantier de lignes neuves, renforcement de lignes existantes, vous travaillez en a\u00e9rien sur les lignes et pyl\u00f4nes du r\u00e9seau \u00e9lectrique.<br \/>Vous r\u00e9alisez les op\u00e9rations de :<span class=\"Apple-converted-space\">\u00a0<\/span><br \/>-G\u00e9nie Civil : r\u00e9alisation de fouilles pour les embases de pyl\u00f4nes,<span class=\"Apple-converted-space\">\u00a0<\/span><br \/>-Assemblage et Levage des pyl\u00f4nes,<span class=\"Apple-converted-space\">\u00a0<\/span><br \/>-D\u00e9roulage et r\u00e9glage de c\u00e2bles.<\/p>\n<p>Ces op\u00e9rations peuvent se faire \u00e0 l&rsquo;aide d&rsquo;op\u00e9rations h\u00e9liport\u00e9es.<\/p>\n<p><img loading=\"lazy\" decoding=\"async\" class=\"wp-image-47 alignleft\" src=\"http:\/\/gesr.fr\/wp-content\/uploads\/2017\/01\/Assemblage-2-259x300.jpg\" alt=\"\" width=\"199\" height=\"230\" srcset=\"https:\/\/gesr.fr\/wp-content\/uploads\/2017\/01\/Assemblage-2-259x300.jpg 259w, https:\/\/gesr.fr\/wp-content\/uploads\/2017\/01\/Assemblage-2.jpg 428w\" sizes=\"auto, (max-width: 199px) 100vw, 199px\" \/><b><\/b><i><\/i><u><\/u><\/p>\n<p><b>Formation :<\/b><\/p>\n<p>Vous serez form\u00e9s(\u00e9es) au m\u00e9tier de Monteurs (se) de lignes a\u00e9riennes haute tension HTB.<\/p>\n<p>Vous alternez formation et pratique sur chantier.<\/p>\n<p>Les Formations CACES, Ligne de Vie et Risques Electriques sont assur\u00e9s.<\/p>\n<p><strong>Aptitudes requises :<\/strong><\/p>\n<p>Travail en hauteur (40 \u00e0 100 m), Travail en \u00e9quipe et en ext\u00e9rieur, Bonne aisance manuelle, Respect strict des r\u00e8gles de s\u00e9curit\u00e9.<span class=\"Apple-converted-space\">\u00a0<\/span><\/p>\n<p>Vous \u00eates une personne rigoureuse et souhaitant travailler en Grands D\u00e9placements (IGD).<span class=\"Apple-converted-space\">\u00a0<\/span><br \/>Permis et mobilit\u00e9 imp\u00e9ratifs.<br \/>Le permis Poids Lourd (PL) est un plus.<\/p>\n<p><strong>Exp\u00e9rience :<\/strong><br \/>Exp\u00e9rience B\u00e2timent, Travaux Publics, T\u00e9l\u00e9com, HTA, \u00c9olien, Cordiste, GSM, Cat\u00e9naires, Travail en hauteur..<\/p>\n<p>Nous recherchons des candidats sur toute la France.<br \/>Merci pour votre candidature et \u00e0 bient\u00f4t de vous rencontrer.<\/p>\n<p>Certificats et\/ou accr\u00e9ditations exig\u00e9s :<\/p>\n<p>Permis B<br \/>Mobilit\u00e9<\/p>\n<p>Merci de nous faire parvenir votre CV par mail sous r\u00e9f\u00e9rence : MONTEUR HTB<br \/>\u00e0 : recrut@gesr.fr<\/p>\n<p><img loading=\"lazy\" decoding=\"async\" class=\"aligncenter size-medium wp-image-235\" src=\"http:\/\/gesr.fr\/wp-content\/uploads\/2017\/01\/Fichier-19-09-2017-08-48-01-300x169.jpeg\" alt=\"\" width=\"300\" height=\"169\" srcset=\"https:\/\/gesr.fr\/wp-content\/uploads\/2017\/01\/Fichier-19-09-2017-08-48-01-300x169.jpeg 300w, https:\/\/gesr.fr\/wp-content\/uploads\/2017\/01\/Fichier-19-09-2017-08-48-01-768x432.jpeg 768w, https:\/\/gesr.fr\/wp-content\/uploads\/2017\/01\/Fichier-19-09-2017-08-48-01-1024x576.jpeg 1024w\" sizes=\"auto, (max-width: 300px) 100vw, 300px\" \/><\/p>\n\n\n<div class=\"wp-block-contact-form-7-contact-form-selector\">\n<div class=\"wpcf7 no-js\" id=\"wpcf7-f128-o1\" lang=\"fr-FR\" dir=\"ltr\">\n<div class=\"screen-reader-response\"><p role=\"status\" aria-live=\"polite\" aria-atomic=\"true\"><\/p> <ul><\/ul><\/div>\n<form action=\"\/index.php\/wp-json\/wp\/v2\/pages\/48#wpcf7-f128-o1\" method=\"post\" class=\"wpcf7-form init\" aria-label=\"Formulaire de contact\" enctype=\"multipart\/form-data\" novalidate=\"novalidate\" data-status=\"init\">\n<div style=\"display: none;\">\n<input type=\"hidden\" name=\"_wpcf7\" value=\"128\" \/>\n<input type=\"hidden\" name=\"_wpcf7_version\" value=\"5.7.6\" \/>\n<input type=\"hidden\" name=\"_wpcf7_locale\" value=\"fr_FR\" \/>\n<input type=\"hidden\" name=\"_wpcf7_unit_tag\" value=\"wpcf7-f128-o1\" \/>\n<input type=\"hidden\" name=\"_wpcf7_container_post\" value=\"0\" \/>\n<input type=\"hidden\" name=\"_wpcf7_posted_data_hash\" value=\"\" \/>\n<\/div>\n<p><label> Votre nom (obligatoire)<br \/>\n<span class=\"wpcf7-form-control-wrap\" data-name=\"your-name\"><input size=\"40\" class=\"wpcf7-form-control wpcf7-text wpcf7-validates-as-required\" aria-required=\"true\" aria-invalid=\"false\" value=\"\" type=\"text\" name=\"your-name\" \/><\/span> <\/label>\n<\/p>\n<p><label> Votre pr\u00e9nom (obligatoire)<br \/>\n<span class=\"wpcf7-form-control-wrap\" data-name=\"your-surname\"><input size=\"40\" class=\"wpcf7-form-control wpcf7-text wpcf7-validates-as-required\" aria-required=\"true\" aria-invalid=\"false\" value=\"\" type=\"text\" name=\"your-surname\" \/><\/span> <\/label>\n<\/p>\n<p><label> Votre e-mail (obligatoire)<br \/>\n<span class=\"wpcf7-form-control-wrap\" data-name=\"your-email\"><input size=\"40\" class=\"wpcf7-form-control wpcf7-text wpcf7-email wpcf7-validates-as-required wpcf7-validates-as-email\" aria-required=\"true\" aria-invalid=\"false\" value=\"\" type=\"email\" name=\"your-email\" \/><\/span> <\/label>\n<\/p>\n<p><label> Votre t\u00e9l\u00e9phone (obligatoire)<br \/>\n<span class=\"wpcf7-form-control-wrap\" data-name=\"tel-199\"><input size=\"40\" class=\"wpcf7-form-control wpcf7-text wpcf7-tel wpcf7-validates-as-tel\" aria-invalid=\"false\" value=\"\" type=\"tel\" name=\"tel-199\" \/><\/span> <\/label>\n<\/p>\n<p><label> Sujet<br \/>\n<span class=\"wpcf7-form-control-wrap\" data-name=\"your-subject\"><input size=\"40\" class=\"wpcf7-form-control wpcf7-text\" aria-invalid=\"false\" value=\"\" type=\"text\" name=\"your-subject\" \/><\/span> <\/label>\n<\/p>\n<p><label> Votre message<br \/>\n<span class=\"wpcf7-form-control-wrap\" data-name=\"your-message\"><textarea cols=\"40\" rows=\"10\" class=\"wpcf7-form-control wpcf7-textarea\" aria-invalid=\"false\" name=\"your-message\"><\/textarea><\/span> <\/label>\n<\/p>\n<p><span class=\"wpcf7-form-control-wrap\" data-name=\"file-99\"><input size=\"40\" class=\"wpcf7-form-control wpcf7-file\" accept=\"audio\/*,video\/*,image\/*\" aria-invalid=\"false\" type=\"file\" name=\"file-99\" \/><\/span>\n<\/p>\n<p><input class=\"wpcf7-form-control has-spinner wpcf7-submit\" type=\"submit\" value=\"Envoyer\" \/>\n<\/p><p style=\"display: none !important;\"><label>&#916;<textarea name=\"_wpcf7_ak_hp_textarea\" cols=\"45\" rows=\"8\" maxlength=\"100\"><\/textarea><\/label><input type=\"hidden\" id=\"ak_js_1\" name=\"_wpcf7_ak_js\" value=\"103\"\/><script>document.getElementById( \"ak_js_1\" ).setAttribute( \"value\", ( new Date() ).getTime() );<\/script><\/p><div class=\"wpcf7-response-output\" aria-hidden=\"true\"><\/div>\n<\/form>\n<\/div>\n<\/div>\n","protected":false},"excerpt":{"rendered":"<p>Recrutement pour nos prochaines sessions : En cours Mars 2026 \u00a0 En int\u00e9grant le GESR Energies, Groupement d&rsquo;Entreprise sp\u00e9cialis\u00e9 dans le secteur de l&rsquo;Energie, sur ce poste de Monteur de lignes A\u00e9riennes Haute Tension HTB vous int\u00e9grez de fa\u00e7on durable notre m\u00e9tier. Poste propos\u00e9 : Au sein d&rsquo;\u00e9quipes de 5 \u00e0 10 personnes vous intervenez &hellip; <a href=\"https:\/\/gesr.fr\/index.php\/recrutement-monteurs-lignes-aeriennes-haute-tension\/\" class=\"more-link\">Continuer la lecture de <span class=\"screen-reader-text\">Recrutement Monteurs Lignes A\u00e9riennes Haute Tension.<\/span><\/a><\/p>\n","protected":false},"author":1,"featured_media":316,"parent":0,"menu_order":0,"comment_status":"closed","ping_status":"closed","template":"","meta":{"footnotes":""},"class_list":["post-48","page","type-page","status-publish","has-post-thumbnail","hentry"],"_links":{"self":[{"href":"https:\/\/gesr.fr\/index.php\/wp-json\/wp\/v2\/pages\/48","targetHints":{"allow":["GET"]}}],"collection":[{"href":"https:\/\/gesr.fr\/index.php\/wp-json\/wp\/v2\/pages"}],"about":[{"href":"https:\/\/gesr.fr\/index.php\/wp-json\/wp\/v2\/types\/page"}],"author":[{"embeddable":true,"href":"https:\/\/gesr.fr\/index.php\/wp-json\/wp\/v2\/users\/1"}],"replies":[{"embeddable":true,"href":"https:\/\/gesr.fr\/index.php\/wp-json\/wp\/v2\/comments?post=48"}],"version-history":[{"count":28,"href":"https:\/\/gesr.fr\/index.php\/wp-json\/wp\/v2\/pages\/48\/revisions"}],"predecessor-version":[{"id":414,"href":"https:\/\/gesr.fr\/index.php\/wp-json\/wp\/v2\/pages\/48\/revisions\/414"}],"wp:featuredmedia":[{"embeddable":true,"href":"https:\/\/gesr.fr\/index.php\/wp-json\/wp\/v2\/media\/316"}],"wp:attachment":[{"href":"https:\/\/gesr.fr\/index.php\/wp-json\/wp\/v2\/media?parent=48"}],"curies":[{"name":"wp","href":"https:\/\/api.w.org\/{rel}","templated":true}]}}