{"id":9,"date":"2017-01-10T10:09:29","date_gmt":"2017-01-10T09:09:29","guid":{"rendered":"http:\/\/gesr.fr\/?page_id=9"},"modified":"2021-06-17T12:26:48","modified_gmt":"2021-06-17T10:26:48","slug":"contact","status":"publish","type":"page","link":"https:\/\/gesr.fr\/index.php\/contact\/","title":{"rendered":"Contact"},"content":{"rendered":"<p>Pour nous contacter :<\/p>\n<p>Par mail : contact@gesr.fr<\/p>\n<p>En nous laissant vos coordonn\u00e9es afin de pouvoir r\u00e9pondre \u00e0 vos demandes.<\/p>\n<p>GESR ENERGIES<\/p>\n<p>31 RUE DE LA COMMUNE 1871<\/p>\n<p>38550 SAINT MAURICE L&rsquo;EXIL<\/p>\n","protected":false},"excerpt":{"rendered":"<p>Pour nous contacter : Par mail : contact@gesr.fr En nous laissant vos coordonn\u00e9es afin de pouvoir r\u00e9pondre \u00e0 vos demandes. GESR ENERGIES 31 RUE DE LA COMMUNE 1871 38550 SAINT MAURICE L&rsquo;EXIL<\/p>\n","protected":false},"author":1,"featured_media":252,"parent":0,"menu_order":0,"comment_status":"closed","ping_status":"closed","template":"","meta":{"footnotes":""},"class_list":["post-9","page","type-page","status-publish","has-post-thumbnail","hentry"],"_links":{"self":[{"href":"https:\/\/gesr.fr\/index.php\/wp-json\/wp\/v2\/pages\/9","targetHints":{"allow":["GET"]}}],"collection":[{"href":"https:\/\/gesr.fr\/index.php\/wp-json\/wp\/v2\/pages"}],"about":[{"href":"https:\/\/gesr.fr\/index.php\/wp-json\/wp\/v2\/types\/page"}],"author":[{"embeddable":true,"href":"https:\/\/gesr.fr\/index.php\/wp-json\/wp\/v2\/users\/1"}],"replies":[{"embeddable":true,"href":"https:\/\/gesr.fr\/index.php\/wp-json\/wp\/v2\/comments?post=9"}],"version-history":[{"count":5,"href":"https:\/\/gesr.fr\/index.php\/wp-json\/wp\/v2\/pages\/9\/revisions"}],"predecessor-version":[{"id":328,"href":"https:\/\/gesr.fr\/index.php\/wp-json\/wp\/v2\/pages\/9\/revisions\/328"}],"wp:featuredmedia":[{"embeddable":true,"href":"https:\/\/gesr.fr\/index.php\/wp-json\/wp\/v2\/media\/252"}],"wp:attachment":[{"href":"https:\/\/gesr.fr\/index.php\/wp-json\/wp\/v2\/media?parent=9"}],"curies":[{"name":"wp","href":"https:\/\/api.w.org\/{rel}","templated":true}]}}